{"id":1341,"date":"2016-02-12T07:54:41","date_gmt":"2016-02-12T07:54:41","guid":{"rendered":"http:\/\/demos.famethemes.com\/onepress\/?page_id=4"},"modified":"2026-01-30T16:59:35","modified_gmt":"2026-01-30T16:59:35","slug":"home","status":"publish","type":"page","link":"https:\/\/www.kardiologiepraxis-greifensee.ch\/","title":{"rendered":"Kardiologie und Hausarztmedizin"},"content":{"rendered":"\n<p>Kardiologische Abkl\u00e4rungen mit: EKG, Fahrrad-Ergometrie, transthorakaler Echokardiographie, 24-Stunden-EKG, Eventrecording (7 Tage-EKG), 24-Std.-Blutdruck. Schlafapnoe-Screening. Schrittmacherkontrollen in ausgew\u00e4hlten F\u00e4llen nach Absprache mit dem Zuweiser. Einzeluntersuchungen sind m\u00f6glich.<\/p>\n\n\n\n<p>Weiter bieten wir Hausarztmedizin durch zwei Haus\u00e4rztinnen in der gleichen Praxis an.<\/p>\n\n\n\n<p>Die Praxis verf\u00fcgt \u00fcber einen eigenen Parkplatz, ist rollstuhlg\u00e4ngig und von Bahnhof N\u00e4nikon-Greifensee in 10 Minuten zu Fuss erreichbar.<\/p>\n\n\n\n<p>Gerne heissen wir Patienten aus der Region (Greifensee, N\u00e4nikon, Uster, Schwerzenbach, F\u00e4llanden, Volketswil, D\u00fcbendorf und Wallisellen) willkommen.<\/p>\n","protected":false},"excerpt":{"rendered":"<p>Kardiologische Abkl\u00e4rungen mit: EKG, Fahrrad-Ergometrie, transthorakaler Echokardiographie, 24-Stunden-EKG, Eventrecording (7 Tage-EKG), 24-Std.-Blutdruck. Schlafapnoe-Screening. Schrittmacherkontrollen in ausgew\u00e4hlten F\u00e4llen nach Absprache mit dem Zuweiser. Einzeluntersuchungen sind m\u00f6glich. Weiter bieten wir Hausarztmedizin durch &#8230;<\/p>\n","protected":false},"author":3,"featured_media":0,"parent":0,"menu_order":0,"comment_status":"closed","ping_status":"closed","template":"template-frontpage.php","meta":{"footnotes":""},"class_list":["post-1341","page","type-page","status-publish","hentry"],"yoast_head":"<!-- This site is optimized with the Yoast SEO plugin v26.5 - https:\/\/yoast.com\/wordpress\/plugins\/seo\/ -->\n<title>Kardiologie und Hausarztmedizin - Praxis f\u00fcr Kardiologie und Innere Medizin\/Hausarztmedizin Greifensee<\/title>\n<meta name=\"robots\" content=\"index, follow, max-snippet:-1, max-image-preview:large, max-video-preview:-1\" \/>\n<link rel=\"canonical\" href=\"https:\/\/www.kardiologiepraxis-greifensee.ch\/\" \/>\n<meta property=\"og:locale\" content=\"de_DE\" \/>\n<meta property=\"og:type\" content=\"article\" \/>\n<meta property=\"og:title\" content=\"Kardiologie und Hausarztmedizin - Praxis f\u00fcr Kardiologie und Innere Medizin\/Hausarztmedizin Greifensee\" \/>\n<meta property=\"og:description\" content=\"Kardiologische Abkl\u00e4rungen mit: EKG, Fahrrad-Ergometrie, transthorakaler Echokardiographie, 24-Stunden-EKG, Eventrecording (7 Tage-EKG), 24-Std.-Blutdruck. Schlafapnoe-Screening. Schrittmacherkontrollen in ausgew\u00e4hlten F\u00e4llen nach Absprache mit dem Zuweiser. Einzeluntersuchungen sind m\u00f6glich. Weiter bieten wir Hausarztmedizin durch ...\" \/>\n<meta property=\"og:url\" content=\"https:\/\/www.kardiologiepraxis-greifensee.ch\/\" \/>\n<meta property=\"og:site_name\" content=\"Praxis f\u00fcr Kardiologie und Innere Medizin\/Hausarztmedizin Greifensee\" \/>\n<meta property=\"article:modified_time\" content=\"2026-01-30T16:59:35+00:00\" \/>\n<meta name=\"twitter:card\" content=\"summary_large_image\" \/>\n<meta name=\"twitter:label1\" content=\"Gesch\u00e4tzte Lesezeit\" \/>\n\t<meta name=\"twitter:data1\" content=\"1\u00a0Minute\" \/>\n<script type=\"application\/ld+json\" class=\"yoast-schema-graph\">{\"@context\":\"https:\/\/schema.org\",\"@graph\":[{\"@type\":\"WebPage\",\"@id\":\"https:\/\/www.kardiologiepraxis-greifensee.ch\/\",\"url\":\"https:\/\/www.kardiologiepraxis-greifensee.ch\/\",\"name\":\"Kardiologie und Hausarztmedizin - Praxis f\u00fcr Kardiologie und Innere Medizin\/Hausarztmedizin Greifensee\",\"isPartOf\":{\"@id\":\"https:\/\/www.kardiologiepraxis-greifensee.ch\/#website\"},\"datePublished\":\"2016-02-12T07:54:41+00:00\",\"dateModified\":\"2026-01-30T16:59:35+00:00\",\"breadcrumb\":{\"@id\":\"https:\/\/www.kardiologiepraxis-greifensee.ch\/#breadcrumb\"},\"inLanguage\":\"de\",\"potentialAction\":[{\"@type\":\"ReadAction\",\"target\":[\"https:\/\/www.kardiologiepraxis-greifensee.ch\/\"]}]},{\"@type\":\"BreadcrumbList\",\"@id\":\"https:\/\/www.kardiologiepraxis-greifensee.ch\/#breadcrumb\",\"itemListElement\":[{\"@type\":\"ListItem\",\"position\":1,\"name\":\"Startseite\",\"item\":\"https:\/\/www.kardiologiepraxis-greifensee.ch\/\"},{\"@type\":\"ListItem\",\"position\":2,\"name\":\"Kardiologie und Hausarztmedizin\"}]},{\"@type\":\"WebSite\",\"@id\":\"https:\/\/www.kardiologiepraxis-greifensee.ch\/#website\",\"url\":\"https:\/\/www.kardiologiepraxis-greifensee.ch\/\",\"name\":\"Kardiologiepraxis Greifensee\",\"description\":\"Dr. med. Christoph Schalcher\",\"publisher\":{\"@id\":\"https:\/\/www.kardiologiepraxis-greifensee.ch\/#organization\"},\"potentialAction\":[{\"@type\":\"SearchAction\",\"target\":{\"@type\":\"EntryPoint\",\"urlTemplate\":\"https:\/\/www.kardiologiepraxis-greifensee.ch\/?s={search_term_string}\"},\"query-input\":{\"@type\":\"PropertyValueSpecification\",\"valueRequired\":true,\"valueName\":\"search_term_string\"}}],\"inLanguage\":\"de\"},{\"@type\":\"Organization\",\"@id\":\"https:\/\/www.kardiologiepraxis-greifensee.ch\/#organization\",\"name\":\"Kardiologiepraxis Greifensee\",\"url\":\"https:\/\/www.kardiologiepraxis-greifensee.ch\/\",\"logo\":{\"@type\":\"ImageObject\",\"inLanguage\":\"de\",\"@id\":\"https:\/\/www.kardiologiepraxis-greifensee.ch\/#\/schema\/logo\/image\/\",\"url\":\"https:\/\/www.kardiologiepraxis-greifensee.ch\/wp-content\/uploads\/2018\/02\/Brand2-e1518441503122.jpg\",\"contentUrl\":\"https:\/\/www.kardiologiepraxis-greifensee.ch\/wp-content\/uploads\/2018\/02\/Brand2-e1518441503122.jpg\",\"width\":350,\"height\":39,\"caption\":\"Kardiologiepraxis Greifensee\"},\"image\":{\"@id\":\"https:\/\/www.kardiologiepraxis-greifensee.ch\/#\/schema\/logo\/image\/\"}}]}<\/script>\n<!-- \/ Yoast SEO plugin. -->","yoast_head_json":{"title":"Kardiologie und Hausarztmedizin - Praxis f\u00fcr Kardiologie und Innere Medizin\/Hausarztmedizin Greifensee","robots":{"index":"index","follow":"follow","max-snippet":"max-snippet:-1","max-image-preview":"max-image-preview:large","max-video-preview":"max-video-preview:-1"},"canonical":"https:\/\/www.kardiologiepraxis-greifensee.ch\/","og_locale":"de_DE","og_type":"article","og_title":"Kardiologie und Hausarztmedizin - Praxis f\u00fcr Kardiologie und Innere Medizin\/Hausarztmedizin Greifensee","og_description":"Kardiologische Abkl\u00e4rungen mit: EKG, Fahrrad-Ergometrie, transthorakaler Echokardiographie, 24-Stunden-EKG, Eventrecording (7 Tage-EKG), 24-Std.-Blutdruck. Schlafapnoe-Screening. Schrittmacherkontrollen in ausgew\u00e4hlten F\u00e4llen nach Absprache mit dem Zuweiser. Einzeluntersuchungen sind m\u00f6glich. Weiter bieten wir Hausarztmedizin durch ...","og_url":"https:\/\/www.kardiologiepraxis-greifensee.ch\/","og_site_name":"Praxis f\u00fcr Kardiologie und Innere Medizin\/Hausarztmedizin Greifensee","article_modified_time":"2026-01-30T16:59:35+00:00","twitter_card":"summary_large_image","twitter_misc":{"Gesch\u00e4tzte Lesezeit":"1\u00a0Minute"},"schema":{"@context":"https:\/\/schema.org","@graph":[{"@type":"WebPage","@id":"https:\/\/www.kardiologiepraxis-greifensee.ch\/","url":"https:\/\/www.kardiologiepraxis-greifensee.ch\/","name":"Kardiologie und Hausarztmedizin - Praxis f\u00fcr Kardiologie und Innere Medizin\/Hausarztmedizin Greifensee","isPartOf":{"@id":"https:\/\/www.kardiologiepraxis-greifensee.ch\/#website"},"datePublished":"2016-02-12T07:54:41+00:00","dateModified":"2026-01-30T16:59:35+00:00","breadcrumb":{"@id":"https:\/\/www.kardiologiepraxis-greifensee.ch\/#breadcrumb"},"inLanguage":"de","potentialAction":[{"@type":"ReadAction","target":["https:\/\/www.kardiologiepraxis-greifensee.ch\/"]}]},{"@type":"BreadcrumbList","@id":"https:\/\/www.kardiologiepraxis-greifensee.ch\/#breadcrumb","itemListElement":[{"@type":"ListItem","position":1,"name":"Startseite","item":"https:\/\/www.kardiologiepraxis-greifensee.ch\/"},{"@type":"ListItem","position":2,"name":"Kardiologie und Hausarztmedizin"}]},{"@type":"WebSite","@id":"https:\/\/www.kardiologiepraxis-greifensee.ch\/#website","url":"https:\/\/www.kardiologiepraxis-greifensee.ch\/","name":"Kardiologiepraxis Greifensee","description":"Dr. med. Christoph Schalcher","publisher":{"@id":"https:\/\/www.kardiologiepraxis-greifensee.ch\/#organization"},"potentialAction":[{"@type":"SearchAction","target":{"@type":"EntryPoint","urlTemplate":"https:\/\/www.kardiologiepraxis-greifensee.ch\/?s={search_term_string}"},"query-input":{"@type":"PropertyValueSpecification","valueRequired":true,"valueName":"search_term_string"}}],"inLanguage":"de"},{"@type":"Organization","@id":"https:\/\/www.kardiologiepraxis-greifensee.ch\/#organization","name":"Kardiologiepraxis Greifensee","url":"https:\/\/www.kardiologiepraxis-greifensee.ch\/","logo":{"@type":"ImageObject","inLanguage":"de","@id":"https:\/\/www.kardiologiepraxis-greifensee.ch\/#\/schema\/logo\/image\/","url":"https:\/\/www.kardiologiepraxis-greifensee.ch\/wp-content\/uploads\/2018\/02\/Brand2-e1518441503122.jpg","contentUrl":"https:\/\/www.kardiologiepraxis-greifensee.ch\/wp-content\/uploads\/2018\/02\/Brand2-e1518441503122.jpg","width":350,"height":39,"caption":"Kardiologiepraxis Greifensee"},"image":{"@id":"https:\/\/www.kardiologiepraxis-greifensee.ch\/#\/schema\/logo\/image\/"}}]}},"_links":{"self":[{"href":"https:\/\/www.kardiologiepraxis-greifensee.ch\/wp-json\/wp\/v2\/pages\/1341","targetHints":{"allow":["GET"]}}],"collection":[{"href":"https:\/\/www.kardiologiepraxis-greifensee.ch\/wp-json\/wp\/v2\/pages"}],"about":[{"href":"https:\/\/www.kardiologiepraxis-greifensee.ch\/wp-json\/wp\/v2\/types\/page"}],"author":[{"embeddable":true,"href":"https:\/\/www.kardiologiepraxis-greifensee.ch\/wp-json\/wp\/v2\/users\/3"}],"replies":[{"embeddable":true,"href":"https:\/\/www.kardiologiepraxis-greifensee.ch\/wp-json\/wp\/v2\/comments?post=1341"}],"version-history":[{"count":3,"href":"https:\/\/www.kardiologiepraxis-greifensee.ch\/wp-json\/wp\/v2\/pages\/1341\/revisions"}],"predecessor-version":[{"id":1758,"href":"https:\/\/www.kardiologiepraxis-greifensee.ch\/wp-json\/wp\/v2\/pages\/1341\/revisions\/1758"}],"wp:attachment":[{"href":"https:\/\/www.kardiologiepraxis-greifensee.ch\/wp-json\/wp\/v2\/media?parent=1341"}],"curies":[{"name":"wp","href":"https:\/\/api.w.org\/{rel}","templated":true}]}}